{"id":8374,"date":"2025-01-20T14:13:50","date_gmt":"2025-01-20T13:13:50","guid":{"rendered":"https:\/\/mec-abc.de\/deficiency-liste-2025-bestaetigung\/"},"modified":"2025-01-20T14:13:50","modified_gmt":"2025-01-20T13:13:50","slug":"deficiency-liste-2025-bestaetigung","status":"publish","type":"page","link":"https:\/\/mec-abc.de\/en\/deficiency-liste-2025-bestaetigung\/","title":{"rendered":"Deficiency Liste 2025 Best\u00e4tigung"},"content":{"rendered":"\t\t<div data-elementor-type=\"wp-page\" data-elementor-id=\"8374\" class=\"elementor elementor-8374 elementor-7813\" data-elementor-post-type=\"page\">\n\t\t\t\t<div class=\"elementor-element elementor-element-541a585 e-flex e-con-boxed e-con e-parent\" data-id=\"541a585\" data-element_type=\"container\" data-e-type=\"container\" data-settings=\"{&quot;jet_parallax_layout_list&quot;:[]}\">\n\t\t\t\t\t<div class=\"e-con-inner\">\n\t\t\t\t<div class=\"elementor-element elementor-element-a2c8be3 elementor-widget elementor-widget-text-editor\" data-id=\"a2c8be3\" data-element_type=\"widget\" data-e-type=\"widget\" data-widget_type=\"text-editor.default\">\n\t\t\t\t\t\t\t\t\t<h3>Deficiency-Liste: H\u00e4ufige M\u00e4ngel in Clinical Evaluation Assessment Reports\u00a0<\/h3>\n<p>Vielen Dank, wir haben ihre Anfrage erhalten und haben Ihnen den Link zur Deficiency Liste 2025 per E-Mail \u00fcbermittelt.<\/p>\n<p>Herzliche Gr\u00fc\u00dfe,<br \/>Ihr Team der MEC-ABC<\/p>\t\t\t\t\t\t\t\t<\/div>\n\t\t\t\t\t<\/div>\n\t\t\t\t<\/div>\n\t\t\t\t<\/div>\n\t\t","protected":false},"excerpt":{"rendered":"<p>Deficiency-Liste: H\u00e4ufige M\u00e4ngel in Clinical Evaluation Assessment Reports\u00a0 Vielen Dank, wir haben ihre Anfrage erhalten und haben Ihnen den Link zur Deficiency Liste 2025 per E-Mail \u00fcbermittelt. Herzliche Gr\u00fc\u00dfe,Ihr Team der MEC-ABC<\/p>\n","protected":false},"author":8,"featured_media":0,"parent":0,"menu_order":0,"comment_status":"closed","ping_status":"closed","template":"","meta":{"footnotes":""},"class_list":["post-8374","page","type-page","status-publish","hentry"],"_links":{"self":[{"href":"https:\/\/mec-abc.de\/en\/wp-json\/wp\/v2\/pages\/8374","targetHints":{"allow":["GET"]}}],"collection":[{"href":"https:\/\/mec-abc.de\/en\/wp-json\/wp\/v2\/pages"}],"about":[{"href":"https:\/\/mec-abc.de\/en\/wp-json\/wp\/v2\/types\/page"}],"author":[{"embeddable":true,"href":"https:\/\/mec-abc.de\/en\/wp-json\/wp\/v2\/users\/8"}],"replies":[{"embeddable":true,"href":"https:\/\/mec-abc.de\/en\/wp-json\/wp\/v2\/comments?post=8374"}],"version-history":[{"count":0,"href":"https:\/\/mec-abc.de\/en\/wp-json\/wp\/v2\/pages\/8374\/revisions"}],"wp:attachment":[{"href":"https:\/\/mec-abc.de\/en\/wp-json\/wp\/v2\/media?parent=8374"}],"curies":[{"name":"wp","href":"https:\/\/api.w.org\/{rel}","templated":true}]}}