{"id":8384,"date":"2023-07-11T11:19:47","date_gmt":"2023-07-11T09:19:47","guid":{"rendered":"https:\/\/mec-abc.de\/erste-hilfe-bei-klinischer-bewertung\/"},"modified":"2026-01-21T11:49:49","modified_gmt":"2026-01-21T10:49:49","slug":"erste-hilfe-bei-klinischer-bewertung","status":"publish","type":"page","link":"https:\/\/mec-abc.de\/en\/erste-hilfe-bei-klinischer-bewertung\/","title":{"rendered":"Erste Hilfe Klinische Bewertung"},"content":{"rendered":"\t\t<div data-elementor-type=\"wp-page\" data-elementor-id=\"8384\" class=\"elementor elementor-8384 elementor-6714\" data-elementor-post-type=\"page\">\n\t\t\t\t\t\t<section class=\"elementor-section elementor-top-section elementor-element elementor-element-5eb37ce elementor-section-boxed elementor-section-height-default elementor-section-height-default\" data-id=\"5eb37ce\" data-element_type=\"section\" data-e-type=\"section\" data-settings=\"{&quot;jet_parallax_layout_list&quot;:[]}\">\n\t\t\t\t\t\t<div class=\"elementor-container elementor-column-gap-default\">\n\t\t\t\t\t<div class=\"elementor-column elementor-col-100 elementor-top-column elementor-element elementor-element-b46ad06\" data-id=\"b46ad06\" data-element_type=\"column\" data-e-type=\"column\">\n\t\t\t<div class=\"elementor-widget-wrap elementor-element-populated\">\n\t\t\t\t\t\t\t<\/div>\n\t\t<\/div>\n\t\t\t\t\t<\/div>\n\t\t<\/section>\n\t\t\t\t<section class=\"elementor-section elementor-top-section elementor-element elementor-element-59e72f6 elementor-section-boxed elementor-section-height-default elementor-section-height-default\" data-id=\"59e72f6\" data-element_type=\"section\" data-e-type=\"section\" data-settings=\"{&quot;jet_parallax_layout_list&quot;:[]}\">\n\t\t\t\t\t\t<div class=\"elementor-container elementor-column-gap-default\">\n\t\t\t\t\t<div class=\"elementor-column elementor-col-100 elementor-top-column elementor-element elementor-element-cd353a5\" data-id=\"cd353a5\" data-element_type=\"column\" data-e-type=\"column\">\n\t\t\t<div class=\"elementor-widget-wrap elementor-element-populated\">\n\t\t\t\t\t\t<div class=\"elementor-element elementor-element-48f298b elementor-widget elementor-widget-spacer\" data-id=\"48f298b\" data-element_type=\"widget\" data-e-type=\"widget\" data-widget_type=\"spacer.default\">\n\t\t\t\t\t\t\t<div class=\"elementor-spacer\">\n\t\t\t<div class=\"elementor-spacer-inner\"><\/div>\n\t\t<\/div>\n\t\t\t\t\t\t<\/div>\n\t\t\t\t\t<\/div>\n\t\t<\/div>\n\t\t\t\t\t<\/div>\n\t\t<\/section>\n\t\t\t\t<section class=\"elementor-section elementor-top-section elementor-element elementor-element-41e6ac8 elementor-section-boxed elementor-section-height-default elementor-section-height-default\" data-id=\"41e6ac8\" data-element_type=\"section\" data-e-type=\"section\" data-settings=\"{&quot;jet_parallax_layout_list&quot;:[]}\">\n\t\t\t\t\t\t<div class=\"elementor-container elementor-column-gap-default\">\n\t\t\t\t\t<div class=\"elementor-column elementor-col-100 elementor-top-column elementor-element elementor-element-6ec7c3d\" data-id=\"6ec7c3d\" data-element_type=\"column\" data-e-type=\"column\">\n\t\t\t<div class=\"elementor-widget-wrap elementor-element-populated\">\n\t\t\t\t\t\t<div class=\"elementor-element elementor-element-0d5676d elementor-widget elementor-widget-heading\" data-id=\"0d5676d\" data-element_type=\"widget\" data-e-type=\"widget\" data-widget_type=\"heading.default\">\n\t\t\t\t\t<h2 class=\"elementor-heading-title elementor-size-default\">Die klinische Bewertung f\u00fcr Ihr Klasse III Produkt ist durchgefallen?<\/h2>\t\t\t\t<\/div>\n\t\t\t\t\t<\/div>\n\t\t<\/div>\n\t\t\t\t\t<\/div>\n\t\t<\/section>\n\t\t\t\t<section class=\"elementor-section elementor-top-section elementor-element elementor-element-98a6d01 elementor-section-boxed elementor-section-height-default elementor-section-height-default\" data-id=\"98a6d01\" data-element_type=\"section\" data-e-type=\"section\" data-settings=\"{&quot;jet_parallax_layout_list&quot;:[]}\">\n\t\t\t\t\t\t<div class=\"elementor-container elementor-column-gap-default\">\n\t\t\t\t\t<div class=\"elementor-column elementor-col-100 elementor-top-column elementor-element elementor-element-d77c677\" data-id=\"d77c677\" data-element_type=\"column\" data-e-type=\"column\">\n\t\t\t<div class=\"elementor-widget-wrap elementor-element-populated\">\n\t\t\t\t\t\t<div class=\"elementor-element elementor-element-4f10a55 elementor-widget elementor-widget-spacer\" data-id=\"4f10a55\" data-element_type=\"widget\" data-e-type=\"widget\" data-widget_type=\"spacer.default\">\n\t\t\t\t\t\t\t<div class=\"elementor-spacer\">\n\t\t\t<div class=\"elementor-spacer-inner\"><\/div>\n\t\t<\/div>\n\t\t\t\t\t\t<\/div>\n\t\t\t\t\t<\/div>\n\t\t<\/div>\n\t\t\t\t\t<\/div>\n\t\t<\/section>\n\t\t\t\t<section class=\"elementor-section elementor-top-section elementor-element elementor-element-a98aa47 elementor-section-boxed elementor-section-height-default elementor-section-height-default\" data-id=\"a98aa47\" data-element_type=\"section\" data-e-type=\"section\" data-settings=\"{&quot;jet_parallax_layout_list&quot;:[]}\">\n\t\t\t\t\t\t<div class=\"elementor-container elementor-column-gap-default\">\n\t\t\t\t\t<div class=\"elementor-column elementor-col-100 elementor-top-column elementor-element elementor-element-465de22\" data-id=\"465de22\" data-element_type=\"column\" data-e-type=\"column\">\n\t\t\t<div class=\"elementor-widget-wrap elementor-element-populated\">\n\t\t\t\t\t\t<div class=\"elementor-element elementor-element-1299ed3 elementor-widget elementor-widget-text-editor\" data-id=\"1299ed3\" data-element_type=\"widget\" data-e-type=\"widget\" data-widget_type=\"text-editor.default\">\n\t\t\t\t\t\t\t\t\t<h3 style=\"text-align: center;\">Sie haben ein Medizinprodukt mit hoher Risikoklasse, wie beispielsweise ein Implantat?<\/h3><h3 style=\"text-align: center;\">Sie haben eine klinische Bewertung mit klinischen Daten erstellt?<\/h3><h3 style=\"text-align: center;\">Und haben den Defiency-Report mit kryptischen Findings und Nicht-Konformit\u00e4ten zur\u00fcckerhalten?<\/h3>\t\t\t\t\t\t\t\t<\/div>\n\t\t\t\t\t<\/div>\n\t\t<\/div>\n\t\t\t\t\t<\/div>\n\t\t<\/section>\n\t\t\t\t<section class=\"elementor-section elementor-top-section elementor-element elementor-element-ef29373 elementor-section-boxed elementor-section-height-default elementor-section-height-default\" data-id=\"ef29373\" data-element_type=\"section\" data-e-type=\"section\" data-settings=\"{&quot;jet_parallax_layout_list&quot;:[]}\">\n\t\t\t\t\t\t<div class=\"elementor-container elementor-column-gap-default\">\n\t\t\t\t\t<div class=\"elementor-column elementor-col-100 elementor-top-column elementor-element elementor-element-f418aca\" data-id=\"f418aca\" data-element_type=\"column\" data-e-type=\"column\">\n\t\t\t<div class=\"elementor-widget-wrap elementor-element-populated\">\n\t\t\t\t\t\t<div class=\"elementor-element elementor-element-22fe427 elementor-widget elementor-widget-image\" data-id=\"22fe427\" data-element_type=\"widget\" data-e-type=\"widget\" data-widget_type=\"image.default\">\n\t\t\t\t\t\t\t\t\t\t\t\t\t\t\t<img fetchpriority=\"high\" decoding=\"async\" width=\"256\" height=\"256\" src=\"https:\/\/mec-abc.de\/wp-content\/uploads\/2023\/07\/kompass-256.png\" class=\"attachment-large size-large wp-image-6741\" alt=\"\" srcset=\"https:\/\/mec-abc.de\/wp-content\/uploads\/2023\/07\/kompass-256.png 256w, https:\/\/mec-abc.de\/wp-content\/uploads\/2023\/07\/kompass-256-150x150.png 150w, https:\/\/mec-abc.de\/wp-content\/uploads\/2023\/07\/kompass-256-100x100.png 100w\" sizes=\"(max-width: 256px) 100vw, 256px\" \/>\t\t\t\t\t\t\t\t\t\t\t\t\t\t\t<\/div>\n\t\t\t\t\t<\/div>\n\t\t<\/div>\n\t\t\t\t\t<\/div>\n\t\t<\/section>\n\t\t\t\t<section class=\"elementor-section elementor-top-section elementor-element elementor-element-390f2c5 elementor-section-boxed elementor-section-height-default elementor-section-height-default\" data-id=\"390f2c5\" data-element_type=\"section\" data-e-type=\"section\" data-settings=\"{&quot;jet_parallax_layout_list&quot;:[]}\">\n\t\t\t\t\t\t<div class=\"elementor-container elementor-column-gap-default\">\n\t\t\t\t\t<div class=\"elementor-column elementor-col-100 elementor-top-column elementor-element elementor-element-410ef35\" data-id=\"410ef35\" data-element_type=\"column\" data-e-type=\"column\">\n\t\t\t<div class=\"elementor-widget-wrap elementor-element-populated\">\n\t\t\t\t\t\t<div class=\"elementor-element elementor-element-c86d4b4 elementor-widget elementor-widget-spacer\" data-id=\"c86d4b4\" data-element_type=\"widget\" data-e-type=\"widget\" data-widget_type=\"spacer.default\">\n\t\t\t\t\t\t\t<div class=\"elementor-spacer\">\n\t\t\t<div class=\"elementor-spacer-inner\"><\/div>\n\t\t<\/div>\n\t\t\t\t\t\t<\/div>\n\t\t\t\t\t<\/div>\n\t\t<\/div>\n\t\t\t\t\t<\/div>\n\t\t<\/section>\n\t\t\t\t<section class=\"elementor-section elementor-top-section elementor-element elementor-element-0ddfc12 elementor-section-boxed elementor-section-height-default elementor-section-height-default\" data-id=\"0ddfc12\" data-element_type=\"section\" data-e-type=\"section\" data-settings=\"{&quot;jet_parallax_layout_list&quot;:[]}\">\n\t\t\t\t\t\t<div class=\"elementor-container elementor-column-gap-default\">\n\t\t\t\t\t<div class=\"elementor-column elementor-col-100 elementor-top-column elementor-element elementor-element-189675f\" data-id=\"189675f\" data-element_type=\"column\" data-e-type=\"column\">\n\t\t\t<div class=\"elementor-widget-wrap elementor-element-populated\">\n\t\t\t\t\t\t<div class=\"elementor-element elementor-element-586051b elementor-widget elementor-widget-heading\" data-id=\"586051b\" data-element_type=\"widget\" data-e-type=\"widget\" data-widget_type=\"heading.default\">\n\t\t\t\t\t<h2 class=\"elementor-heading-title elementor-size-default\">Dann lassen Sie uns gemeinsam ein positives Assessment der klinischen Bewertung erreichen!<\/h2>\t\t\t\t<\/div>\n\t\t\t\t\t<\/div>\n\t\t<\/div>\n\t\t\t\t\t<\/div>\n\t\t<\/section>\n\t\t\t\t<section class=\"elementor-section elementor-top-section elementor-element elementor-element-835b303 elementor-section-boxed elementor-section-height-default elementor-section-height-default\" data-id=\"835b303\" data-element_type=\"section\" data-e-type=\"section\" data-settings=\"{&quot;jet_parallax_layout_list&quot;:[]}\">\n\t\t\t\t\t\t<div class=\"elementor-container elementor-column-gap-default\">\n\t\t\t\t\t<div class=\"elementor-column elementor-col-100 elementor-top-column elementor-element elementor-element-7f53df9\" data-id=\"7f53df9\" data-element_type=\"column\" data-e-type=\"column\">\n\t\t\t<div class=\"elementor-widget-wrap elementor-element-populated\">\n\t\t\t\t\t\t<div class=\"elementor-element elementor-element-9a79831 elementor-widget elementor-widget-heading\" data-id=\"9a79831\" data-element_type=\"widget\" data-e-type=\"widget\" data-widget_type=\"heading.default\">\n\t\t\t\t\t<h3 class=\"elementor-heading-title elementor-size-default\">So unterst\u00fctzen wir Sie:<\/h3>\t\t\t\t<\/div>\n\t\t\t\t\t<\/div>\n\t\t<\/div>\n\t\t\t\t\t<\/div>\n\t\t<\/section>\n\t\t\t\t<section class=\"elementor-section elementor-top-section elementor-element elementor-element-3939842 elementor-section-boxed elementor-section-height-default elementor-section-height-default\" data-id=\"3939842\" data-element_type=\"section\" data-e-type=\"section\" data-settings=\"{&quot;jet_parallax_layout_list&quot;:[]}\">\n\t\t\t\t\t\t<div class=\"elementor-container elementor-column-gap-default\">\n\t\t\t\t\t<div class=\"elementor-column elementor-col-100 elementor-top-column elementor-element elementor-element-2d783f4\" data-id=\"2d783f4\" data-element_type=\"column\" data-e-type=\"column\">\n\t\t\t<div class=\"elementor-widget-wrap elementor-element-populated\">\n\t\t\t\t\t\t<div class=\"elementor-element elementor-element-3793cd2 elementor-widget elementor-widget-text-editor\" data-id=\"3793cd2\" data-element_type=\"widget\" data-e-type=\"widget\" data-widget_type=\"text-editor.default\">\n\t\t\t\t\t\t\t\t\t<div style=\"box-sizing: inherit; margin-right: auto; margin-left: auto; position: relative; z-index: 3; color: #000000; font-family: Poppins, Arial, sans-serif, Helvetica; max-width: 1130px !important;\">\n<div style=\"box-sizing: inherit; width: 1130px; float: left !important; padding-right: 0.9375rem; padding-left: 0.9375rem; position: relative;\">\n<h1 style=\"box-sizing: inherit; font-size: 26px; line-height: 1.3; font-weight: 400 !important; text-align: center; font-family: 'Josefin Sans', Arial, Helvetica, sans-serif; border: none !important; margin: 8px 0px !important;\"><u style=\"box-sizing: inherit; border: none !important; margin: 8px 0px !important;\">Step-by-Step: <\/u>Wir leiten Sie an bei der Behebung der Findings im CEA-Report. Wir analysieren diese und \u00fcberarbeiten alle relevanten Teile der klinischen Bewertung.<\/h1>\n<div>&nbsp;<\/div>\n<h3 style=\"box-sizing: inherit; font-size: 26px; line-height: 1.3; font-weight: 400 !important; text-align: center; font-family: 'Josefin Sans', Arial, Helvetica, sans-serif; border: none !important; margin: 8px 0px !important;\"><u style=\"box-sizing: inherit; border: none !important; margin: 8px 0px !important;\">Wissen aus \u00fcber 5 Jahren Erfahrung:<\/u>&nbsp; besonders mit Produkten h\u00f6herer Risikoklassen aus den Bereichen Chirurgie und CMF auf der Basis von \u00fcber 25 CEA-Reports in diesem Bereich<\/h3>\n<div>&nbsp;<\/div>\n<h3 style=\"box-sizing: inherit; font-size: 26px; line-height: 1.3; font-weight: 400 !important; text-align: center; font-family: 'Josefin Sans', Arial, Helvetica, sans-serif; border: none !important; margin: 8px 0px !important;\"><u style=\"box-sizing: inherit; border: none !important; margin: 8px 0px !important;\">Klinische Daten:<\/u>&nbsp;Wenn Sie eigene, klinische Daten erheben m\u00fcssen, unterst\u00fctzen wir Sie dabei, die richtigen Daten in effizienter Weise zu sammeln.<\/h3>\n<h3 style=\"box-sizing: inherit; font-size: 26px; line-height: 1.3; font-weight: 400 !important; text-align: center; font-family: 'Josefin Sans', Arial, Helvetica, sans-serif; border: none !important; margin: 8px 0px !important;\">&nbsp;<\/h3>\n<h3 style=\"box-sizing: inherit; font-size: 26px; line-height: 1.3; font-weight: 400 !important; text-align: center; font-family: 'Josefin Sans', Arial, Helvetica, sans-serif; border: none !important; margin: 8px 0px !important;\">&nbsp;<\/h3>\n<h1 style=\"box-sizing: inherit; font-size: 26px; line-height: 1.3; font-weight: 400 !important; text-align: center; font-family: 'Josefin Sans', Arial, Helvetica, sans-serif; border: none !important; margin: 8px 0px !important;\">BUCHEN SIE JETZT EIN KOSTENLOSES ERSTE-HILFE-GESPR\u00c4CH!<\/h1>\n<div>&nbsp;<\/div>\n<div>&nbsp;<\/div>\n<\/div>\n<\/div>\t\t\t\t\t\t\t\t<\/div>\n\t\t\t\t\t<\/div>\n\t\t<\/div>\n\t\t\t\t\t<\/div>\n\t\t<\/section>\n\t\t\t\t<section class=\"elementor-section elementor-top-section elementor-element elementor-element-ff7a51b elementor-section-boxed elementor-section-height-default elementor-section-height-default\" data-id=\"ff7a51b\" data-element_type=\"section\" data-e-type=\"section\" data-settings=\"{&quot;jet_parallax_layout_list&quot;:[]}\">\n\t\t\t\t\t\t<div class=\"elementor-container elementor-column-gap-default\">\n\t\t\t\t\t<div class=\"elementor-column elementor-col-100 elementor-top-column elementor-element elementor-element-8794dc2\" data-id=\"8794dc2\" data-element_type=\"column\" data-e-type=\"column\">\n\t\t\t<div class=\"elementor-widget-wrap elementor-element-populated\">\n\t\t\t\t\t\t<div class=\"elementor-element elementor-element-82a0ef3 elementor-align-center elementor-widget elementor-widget-button\" data-id=\"82a0ef3\" data-element_type=\"widget\" data-e-type=\"widget\" data-widget_type=\"button.default\">\n\t\t\t\t\t\t\t\t\t\t<a class=\"elementor-button elementor-button-link elementor-size-xl\" href=\"https:\/\/outlook.office.com\/bookwithme\/user\/507600a3044b4783a72bc45af1b0a858%40mec-abc.de?anonymous&#038;ismsaljsauthenabled=true\" target=\"_blank\" rel=\"nofollow\">\n\t\t\t\t\t\t<span class=\"elementor-button-content-wrapper\">\n\t\t\t\t\t\t\t\t\t<span class=\"elementor-button-text\">Hier kostenloses  Erste-Hilfe-Gespr\u00e4ch buchen!<\/span>\n\t\t\t\t\t<\/span>\n\t\t\t\t\t<\/a>\n\t\t\t\t\t\t\t\t<\/div>\n\t\t\t\t\t<\/div>\n\t\t<\/div>\n\t\t\t\t\t<\/div>\n\t\t<\/section>\n\t\t\t\t<\/div>\n\t\t","protected":false},"excerpt":{"rendered":"<p>Die klinische Bewertung f\u00fcr Ihr Klasse III Produkt ist durchgefallen? Sie haben ein Medizinprodukt mit hoher Risikoklasse, wie beispielsweise ein Implantat? Sie haben eine klinische Bewertung mit klinischen Daten erstellt? Und haben den Defiency-Report mit kryptischen Findings und Nicht-Konformit\u00e4ten zur\u00fcckerhalten? Dann lassen Sie uns gemeinsam ein positives Assessment der klinischen Bewertung erreichen! So unterst\u00fctzen wir [&hellip;]<\/p>\n","protected":false},"author":7,"featured_media":0,"parent":0,"menu_order":0,"comment_status":"closed","ping_status":"closed","template":"","meta":{"footnotes":""},"class_list":["post-8384","page","type-page","status-publish","hentry"],"_links":{"self":[{"href":"https:\/\/mec-abc.de\/en\/wp-json\/wp\/v2\/pages\/8384","targetHints":{"allow":["GET"]}}],"collection":[{"href":"https:\/\/mec-abc.de\/en\/wp-json\/wp\/v2\/pages"}],"about":[{"href":"https:\/\/mec-abc.de\/en\/wp-json\/wp\/v2\/types\/page"}],"author":[{"embeddable":true,"href":"https:\/\/mec-abc.de\/en\/wp-json\/wp\/v2\/users\/7"}],"replies":[{"embeddable":true,"href":"https:\/\/mec-abc.de\/en\/wp-json\/wp\/v2\/comments?post=8384"}],"version-history":[{"count":1,"href":"https:\/\/mec-abc.de\/en\/wp-json\/wp\/v2\/pages\/8384\/revisions"}],"predecessor-version":[{"id":8972,"href":"https:\/\/mec-abc.de\/en\/wp-json\/wp\/v2\/pages\/8384\/revisions\/8972"}],"wp:attachment":[{"href":"https:\/\/mec-abc.de\/en\/wp-json\/wp\/v2\/media?parent=8384"}],"curies":[{"name":"wp","href":"https:\/\/api.w.org\/{rel}","templated":true}]}}